{"id":780,"date":"2025-08-19T06:02:57","date_gmt":"2025-08-19T06:02:57","guid":{"rendered":"https:\/\/agricolacamelias.com\/?page_id=780"},"modified":"2025-08-19T06:12:31","modified_gmt":"2025-08-19T06:12:31","slug":"cafe-colombiano","status":"publish","type":"page","link":"https:\/\/agricolacamelias.com\/en\/cafe-colombiano\/","title":{"rendered":"Caf\u00e9 colombiano"},"content":{"rendered":"\t\t<div data-elementor-type=\"wp-page\" data-elementor-id=\"780\" class=\"elementor elementor-780\" data-elementor-settings=\"{&quot;ha_cmc_init_switcher&quot;:&quot;no&quot;}\">\n\t\t\t\t\t\t<section class=\"elementor-section elementor-top-section elementor-element elementor-element-59d74438 elementor-section-boxed elementor-section-height-default elementor-section-height-default\" data-id=\"59d74438\" data-element_type=\"section\" data-e-type=\"section\" data-settings=\"{&quot;background_background&quot;:&quot;classic&quot;,&quot;_ha_eqh_enable&quot;:false}\">\n\t\t\t\t\t\t<div class=\"elementor-container elementor-column-gap-default\">\n\t\t\t\t\t<div class=\"elementor-column elementor-col-50 elementor-top-column elementor-element elementor-element-163ed51d\" data-id=\"163ed51d\" data-element_type=\"column\" data-e-type=\"column\">\n\t\t\t<div class=\"elementor-widget-wrap elementor-element-populated\">\n\t\t\t\t\t\t<div class=\"elementor-element elementor-element-62b07367 elementor-widget elementor-widget-image\" data-id=\"62b07367\" data-element_type=\"widget\" data-e-type=\"widget\" data-widget_type=\"image.default\">\n\t\t\t\t<div class=\"elementor-widget-container\">\n\t\t\t\t\t\t\t\t\t\t\t\t\t\t\t<img fetchpriority=\"high\" decoding=\"async\" width=\"1040\" height=\"1140\" src=\"https:\/\/agricolacamelias.com\/wp-content\/uploads\/2025\/08\/WhatsApp-Image-2025-06-26-at-3.09.55-PM-e1754020182236.jpeg\" class=\"attachment-full size-full wp-image-508\" alt=\"\" srcset=\"https:\/\/agricolacamelias.com\/wp-content\/uploads\/2025\/08\/WhatsApp-Image-2025-06-26-at-3.09.55-PM-e1754020182236.jpeg.webp 1040w, https:\/\/agricolacamelias.com\/wp-content\/uploads\/2025\/08\/WhatsApp-Image-2025-06-26-at-3.09.55-PM-e1754020182236-274x300.jpeg.webp 274w, https:\/\/agricolacamelias.com\/wp-content\/uploads\/2025\/08\/WhatsApp-Image-2025-06-26-at-3.09.55-PM-e1754020182236-934x1024.jpeg.webp 934w, https:\/\/agricolacamelias.com\/wp-content\/uploads\/2025\/08\/WhatsApp-Image-2025-06-26-at-3.09.55-PM-e1754020182236-768x842.jpeg.webp 768w, https:\/\/agricolacamelias.com\/wp-content\/uploads\/2025\/08\/WhatsApp-Image-2025-06-26-at-3.09.55-PM-e1754020182236-600x658.jpeg.webp 600w\" sizes=\"(max-width: 1040px) 100vw, 1040px\" \/>\t\t\t\t\t\t\t\t\t\t\t\t\t\t\t<\/div>\n\t\t\t\t<\/div>\n\t\t\t\t<div class=\"elementor-element elementor-element-4bec0269 elementor-widget-divider--view-line elementor-widget elementor-widget-divider\" data-id=\"4bec0269\" data-element_type=\"widget\" data-e-type=\"widget\" data-widget_type=\"divider.default\">\n\t\t\t\t<div class=\"elementor-widget-container\">\n\t\t\t\t\t\t\t<div class=\"elementor-divider\">\n\t\t\t<span class=\"elementor-divider-separator\">\n\t\t\t\t\t\t<\/span>\n\t\t<\/div>\n\t\t\t\t\t\t<\/div>\n\t\t\t\t<\/div>\n\t\t\t\t<div class=\"elementor-element elementor-element-3c1a370c elementor-widget elementor-widget-heading\" data-id=\"3c1a370c\" data-element_type=\"widget\" data-e-type=\"widget\" data-widget_type=\"heading.default\">\n\t\t\t\t<div class=\"elementor-widget-container\">\n\t\t\t\t\t<h2 class=\"elementor-heading-title elementor-size-default\">Disponible en:<\/h2>\t\t\t\t<\/div>\n\t\t\t\t<\/div>\n\t\t\t\t<div class=\"elementor-element elementor-element-2adb984f elementor-widget elementor-widget-text-editor\" data-id=\"2adb984f\" data-element_type=\"widget\" data-e-type=\"widget\" data-widget_type=\"text-editor.default\">\n\t\t\t\t<div class=\"elementor-widget-container\">\n\t\t\t\t\t\t\t\t\t<ul><li><b><span data-contrast=\"auto\">Grano para los puristas del aroma y la molienda perfecta<\/span><\/b><span data-ccp-props=\"{}\">\u00a0<\/span><\/li><li aria-setsize=\"-1\" data-leveltext=\"\uf0b7\" data-font=\"Symbol\" data-listid=\"39\" data-list-defn-props=\"{&quot;335552541&quot;:1,&quot;335559685&quot;:720,&quot;335559991&quot;:360,&quot;469769226&quot;:&quot;Symbol&quot;,&quot;469769242&quot;:[8226],&quot;469777803&quot;:&quot;left&quot;,&quot;469777804&quot;:&quot;\uf0b7&quot;,&quot;469777815&quot;:&quot;multilevel&quot;}\" data-aria-posinset=\"2\" data-aria-level=\"1\"><b><span data-contrast=\"auto\">Molido para los que aman la preparaci\u00f3n lista y el sabor intenso<\/span><\/b><span data-ccp-props=\"{}\">\u00a0<\/span><\/li><\/ul><p><span data-ccp-props=\"{}\">\u00a0<\/span><\/p>\t\t\t\t\t\t\t\t<\/div>\n\t\t\t\t<\/div>\n\t\t\t\t\t<\/div>\n\t\t<\/div>\n\t\t\t\t<div class=\"elementor-column elementor-col-50 elementor-top-column elementor-element elementor-element-a319425\" data-id=\"a319425\" data-element_type=\"column\" data-e-type=\"column\">\n\t\t\t<div class=\"elementor-widget-wrap elementor-element-populated\">\n\t\t\t\t\t\t<div class=\"elementor-element elementor-element-4293e7b4 elementor-widget elementor-widget-heading\" data-id=\"4293e7b4\" data-element_type=\"widget\" data-e-type=\"widget\" data-widget_type=\"heading.default\">\n\t\t\t\t<div class=\"elementor-widget-container\">\n\t\t\t\t\t<h2 class=\"elementor-heading-title elementor-size-default\">Caf\u00e9 Zei Zei \t <\/h2>\t\t\t\t<\/div>\n\t\t\t\t<\/div>\n\t\t\t\t<div class=\"elementor-element elementor-element-3b3392a elementor-widget elementor-widget-text-editor\" data-id=\"3b3392a\" data-element_type=\"widget\" data-e-type=\"widget\" data-widget_type=\"text-editor.default\">\n\t\t\t\t<div class=\"elementor-widget-container\">\n\t\t\t\t\t\t\t\t\t<p><span class=\"TextRun SCXW9224365 BCX0\" lang=\"ES-CO\" xml:lang=\"ES-CO\" data-contrast=\"auto\"><span class=\"NormalTextRun SCXW9224365 BCX0\">\u00bfEst\u00e1s listo para sentir la felicidad del caf\u00e9 100% colombiano?<\/span><\/span><span class=\"EOP SCXW9224365 BCX0\" data-ccp-props=\"{}\">\u00a0<\/span><\/p>\t\t\t\t\t\t\t\t<\/div>\n\t\t\t\t<\/div>\n\t\t\t\t<section class=\"elementor-section elementor-inner-section elementor-element elementor-element-61ddd5c3 elementor-section-boxed elementor-section-height-default elementor-section-height-default\" data-id=\"61ddd5c3\" data-element_type=\"section\" data-e-type=\"section\" data-settings=\"{&quot;_ha_eqh_enable&quot;:false}\">\n\t\t\t\t\t\t<div class=\"elementor-container elementor-column-gap-default\">\n\t\t\t\t\t<div class=\"elementor-column elementor-col-100 elementor-inner-column elementor-element elementor-element-7547a71d\" data-id=\"7547a71d\" data-element_type=\"column\" data-e-type=\"column\">\n\t\t\t<div class=\"elementor-widget-wrap elementor-element-populated\">\n\t\t\t\t\t\t<div class=\"elementor-element elementor-element-3b9e4781 elementor-widget elementor-widget-text-editor\" data-id=\"3b9e4781\" data-element_type=\"widget\" data-e-type=\"widget\" data-widget_type=\"text-editor.default\">\n\t\t\t\t<div class=\"elementor-widget-container\">\n\t\t\t\t\t\t\t\t\t<p><b><i><span data-contrast=\"auto\">Zei Zei<\/span><\/i><\/b><b><span data-contrast=\"auto\"> es un caf\u00e9 de origen, cultivado en las tierras sagradas de la Sierra Nevada de Santa Marta, donde la monta\u00f1a abraza los cultivos y los r\u00edos de agua fresca alimentan cada planta.<\/span><\/b><span data-ccp-props=\"{}\">\u00a0<\/span><\/p><p><b><span data-contrast=\"auto\">\ud83c\udf31<\/span><\/b><b><span data-contrast=\"auto\"> Todo comienza con el amor por la tierra.<\/span><\/b>\u00a0<br \/><b><span data-contrast=\"auto\">Solo los mejores granos son recolectados a mano, en altura, con respeto por el ritmo de la naturaleza y el saber ancestral de nuestra comunidad cafetera.<\/span><\/b><span data-ccp-props=\"{}\">\u00a0<\/span><\/p><p><strong><span class=\"TextRun SCXW235850028 BCX0\" lang=\"ES-CO\" xml:lang=\"ES-CO\" data-contrast=\"auto\"><span class=\"NormalTextRun SCXW235850028 BCX0\">Certificaci\u00f3n de excelencia:<\/span><\/span><span class=\"LineBreakBlob BlobObject DragDrop SCXW235850028 BCX0\"><span class=\"SCXW235850028 BCX0\">\u00a0<\/span><br class=\"SCXW235850028 BCX0\" \/><\/span><\/strong><span class=\"TextRun SCXW235850028 BCX0\" lang=\"ES-CO\" xml:lang=\"ES-CO\" data-contrast=\"auto\"><span class=\"NormalTextRun SCXW235850028 BCX0\">Estamos orgullosamente certificados por la Federaci\u00f3n Nacional de Cafeteros dentro del programa 100% Caf\u00e9 de Colombia, garant\u00eda de autenticidad, calidad y origen.<\/span><\/span><span class=\"EOP SCXW235850028 BCX0\" data-ccp-props=\"{}\">\u00a0<\/span><\/p>\t\t\t\t\t\t\t\t<\/div>\n\t\t\t\t<\/div>\n\t\t\t\t\t<\/div>\n\t\t<\/div>\n\t\t\t\t\t<\/div>\n\t\t<\/section>\n\t\t\t\t<section class=\"elementor-section elementor-inner-section elementor-element elementor-element-29ecae1f elementor-section-boxed elementor-section-height-default elementor-section-height-default\" data-id=\"29ecae1f\" data-element_type=\"section\" data-e-type=\"section\" data-settings=\"{&quot;_ha_eqh_enable&quot;:false}\">\n\t\t\t\t\t\t<div class=\"elementor-container elementor-column-gap-default\">\n\t\t\t\t\t<div class=\"elementor-column elementor-col-100 elementor-inner-column elementor-element elementor-element-4ba08db6\" data-id=\"4ba08db6\" data-element_type=\"column\" data-e-type=\"column\">\n\t\t\t<div class=\"elementor-widget-wrap\">\n\t\t\t\t\t\t\t<\/div>\n\t\t<\/div>\n\t\t\t\t\t<\/div>\n\t\t<\/section>\n\t\t\t\t<div class=\"elementor-element elementor-element-2be3eff0 elementor-align-left elementor-widget elementor-widget-button\" data-id=\"2be3eff0\" data-element_type=\"widget\" data-e-type=\"widget\" data-widget_type=\"button.default\">\n\t\t\t\t<div class=\"elementor-widget-container\">\n\t\t\t\t\t\t\t\t\t<div class=\"elementor-button-wrapper\">\n\t\t\t\t\t<a class=\"elementor-button elementor-button-link elementor-size-lg\" href=\"https:\/\/wa.link\/qe543e\">\n\t\t\t\t\t\t<span class=\"elementor-button-content-wrapper\">\n\t\t\t\t\t\t<span class=\"elementor-button-icon\">\n\t\t\t\t<i aria-hidden=\"true\" class=\"hm hm-arrow-right\"><\/i>\t\t\t<\/span>\n\t\t\t\t\t\t\t\t\t<span class=\"elementor-button-text\">COMPRAR<\/span>\n\t\t\t\t\t<\/span>\n\t\t\t\t\t<\/a>\n\t\t\t\t<\/div>\n\t\t\t\t\t\t\t\t<\/div>\n\t\t\t\t<\/div>\n\t\t\t\t\t<\/div>\n\t\t<\/div>\n\t\t\t\t\t<\/div>\n\t\t<\/section>\n\t\t\t\t<section class=\"elementor-section elementor-top-section elementor-element elementor-element-25fb9b62 elementor-section-boxed elementor-section-height-default elementor-section-height-default\" data-id=\"25fb9b62\" data-element_type=\"section\" data-e-type=\"section\" data-settings=\"{&quot;background_background&quot;:&quot;classic&quot;,&quot;_ha_eqh_enable&quot;:false}\">\n\t\t\t\t\t\t<div class=\"elementor-container elementor-column-gap-default\">\n\t\t\t\t\t<div class=\"elementor-column elementor-col-50 elementor-top-column elementor-element elementor-element-2f5f9cfb\" data-id=\"2f5f9cfb\" data-element_type=\"column\" data-e-type=\"column\">\n\t\t\t<div class=\"elementor-widget-wrap elementor-element-populated\">\n\t\t\t\t\t\t<div class=\"elementor-element elementor-element-58d7c3ed elementor-widget elementor-widget-text-editor\" data-id=\"58d7c3ed\" data-element_type=\"widget\" data-e-type=\"widget\" data-widget_type=\"text-editor.default\">\n\t\t\t\t<div class=\"elementor-widget-container\">\n\t\t\t\t\t\t\t\t\t<p><span class=\"TextRun SCXW1023277 BCX0\" lang=\"ES-CO\" xml:lang=\"ES-CO\" data-contrast=\"auto\"><span class=\"NormalTextRun SCXW1023277 BCX0\">Zei Zei no es solo caf\u00e9.<\/span><\/span><span class=\"EOP SCXW1023277 BCX0\" data-ccp-props=\"{}\">\u00a0<\/span><\/p>\t\t\t\t\t\t\t\t<\/div>\n\t\t\t\t<\/div>\n\t\t\t\t\t<\/div>\n\t\t<\/div>\n\t\t\t\t<div class=\"elementor-column elementor-col-50 elementor-top-column elementor-element elementor-element-2be856a9\" data-id=\"2be856a9\" data-element_type=\"column\" data-e-type=\"column\">\n\t\t\t<div class=\"elementor-widget-wrap elementor-element-populated\">\n\t\t\t\t\t\t<div class=\"elementor-element elementor-element-3f85c71a elementor-widget__width-initial elementor-widget elementor-widget-text-editor\" data-id=\"3f85c71a\" data-element_type=\"widget\" data-e-type=\"widget\" data-widget_type=\"text-editor.default\">\n\t\t\t\t<div class=\"elementor-widget-container\">\n\t\t\t\t\t\t\t\t\t<p><span class=\"TextRun SCXW160450211 BCX0\" lang=\"ES-CO\" xml:lang=\"ES-CO\" data-contrast=\"auto\"><span class=\"NormalTextRun SCXW160450211 BCX0\">Es ra\u00edz, ritual y alegr\u00eda en cada taza.<\/span><\/span><span class=\"LineBreakBlob BlobObject DragDrop SCXW160450211 BCX0\"><span class=\"SCXW160450211 BCX0\">\u00a0<\/span><br class=\"SCXW160450211 BCX0\" \/><\/span><strong><span class=\"TextRun SCXW160450211 BCX0\" lang=\"ES-CO\" xml:lang=\"ES-CO\" data-contrast=\"auto\"><span class=\"NormalTextRun SCXW160450211 BCX0\">Descubre el sabor profundo de un caf\u00e9 que nace del coraz\u00f3n de la Sierra.<\/span><\/span><span class=\"EOP SCXW160450211 BCX0\" data-ccp-props=\"{}\">\u00a0<\/span><\/strong><\/p>\t\t\t\t\t\t\t\t<\/div>\n\t\t\t\t<\/div>\n\t\t\t\t\t<\/div>\n\t\t<\/div>\n\t\t\t\t\t<\/div>\n\t\t<\/section>\n\t\t\t\t<\/div>\n\t\t","protected":false},"excerpt":{"rendered":"<p>Disponible en: Grano para los puristas del aroma y la molienda perfecta\u00a0 Molido para los que aman la preparaci\u00f3n lista [&hellip;]<\/p>\n","protected":false},"author":1,"featured_media":507,"parent":0,"menu_order":0,"comment_status":"closed","ping_status":"closed","template":"","meta":{"site-sidebar-layout":"no-sidebar","site-content-layout":"","ast-site-content-layout":"full-width-container","site-content-style":"default","site-sidebar-style":"default","ast-global-header-display":"","ast-banner-title-visibility":"","ast-main-header-display":"","ast-hfb-above-header-display":"","ast-hfb-below-header-display":"","ast-hfb-mobile-header-display":"","site-post-title":"disabled","ast-breadcrumbs-content":"","ast-featured-img":"disabled","footer-sml-layout":"","ast-disable-related-posts":"","theme-transparent-header-meta":"","adv-header-id-meta":"","stick-header-meta":"","header-above-stick-meta":"","header-main-stick-meta":"","header-below-stick-meta":"","astra-migrate-meta-layouts":"default","ast-page-background-enabled":"default","ast-page-background-meta":{"desktop":{"background-color":"var(--ast-global-color-5)","background-image":"","background-repeat":"repeat","background-position":"center center","background-size":"auto","background-attachment":"scroll","background-type":"","background-media":"","overlay-type":"","overlay-color":"","overlay-opacity":"","overlay-gradient":""},"tablet":{"background-color":"","background-image":"","background-repeat":"repeat","background-position":"center center","background-size":"auto","background-attachment":"scroll","background-type":"","background-media":"","overlay-type":"","overlay-color":"","overlay-opacity":"","overlay-gradient":""},"mobile":{"background-color":"","background-image":"","background-repeat":"repeat","background-position":"center center","background-size":"auto","background-attachment":"scroll","background-type":"","background-media":"","overlay-type":"","overlay-color":"","overlay-opacity":"","overlay-gradient":""}},"ast-content-background-meta":{"desktop":{"background-color":"var(--ast-global-color-4)","background-image":"","background-repeat":"repeat","background-position":"center center","background-size":"auto","background-attachment":"scroll","background-type":"","background-media":"","overlay-type":"","overlay-color":"","overlay-opacity":"","overlay-gradient":""},"tablet":{"background-color":"var(--ast-global-color-4)","background-image":"","background-repeat":"repeat","background-position":"center center","background-size":"auto","background-attachment":"scroll","background-type":"","background-media":"","overlay-type":"","overlay-color":"","overlay-opacity":"","overlay-gradient":""},"mobile":{"background-color":"var(--ast-global-color-4)","background-image":"","background-repeat":"repeat","background-position":"center center","background-size":"auto","background-attachment":"scroll","background-type":"","background-media":"","overlay-type":"","overlay-color":"","overlay-opacity":"","overlay-gradient":""}},"footnotes":""},"class_list":["post-780","page","type-page","status-publish","has-post-thumbnail","hentry"],"_links":{"self":[{"href":"https:\/\/agricolacamelias.com\/en\/wp-json\/wp\/v2\/pages\/780","targetHints":{"allow":["GET"]}}],"collection":[{"href":"https:\/\/agricolacamelias.com\/en\/wp-json\/wp\/v2\/pages"}],"about":[{"href":"https:\/\/agricolacamelias.com\/en\/wp-json\/wp\/v2\/types\/page"}],"author":[{"embeddable":true,"href":"https:\/\/agricolacamelias.com\/en\/wp-json\/wp\/v2\/users\/1"}],"replies":[{"embeddable":true,"href":"https:\/\/agricolacamelias.com\/en\/wp-json\/wp\/v2\/comments?post=780"}],"version-history":[{"count":4,"href":"https:\/\/agricolacamelias.com\/en\/wp-json\/wp\/v2\/pages\/780\/revisions"}],"predecessor-version":[{"id":785,"href":"https:\/\/agricolacamelias.com\/en\/wp-json\/wp\/v2\/pages\/780\/revisions\/785"}],"wp:featuredmedia":[{"embeddable":true,"href":"https:\/\/agricolacamelias.com\/en\/wp-json\/wp\/v2\/media\/507"}],"wp:attachment":[{"href":"https:\/\/agricolacamelias.com\/en\/wp-json\/wp\/v2\/media?parent=780"}],"curies":[{"name":"wp","href":"https:\/\/api.w.org\/{rel}","templated":true}]}}