{"id":163,"date":"2025-07-15T03:54:20","date_gmt":"2025-07-15T03:54:20","guid":{"rendered":"https:\/\/agricolacamelias.com\/?page_id=163"},"modified":"2025-08-05T20:57:31","modified_gmt":"2025-08-05T20:57:31","slug":"experiencias-turisticas","status":"publish","type":"page","link":"https:\/\/agricolacamelias.com\/en\/experiencias-turisticas\/","title":{"rendered":"EXPERIENCES"},"content":{"rendered":"<div data-elementor-type=\"wp-page\" data-elementor-id=\"163\" class=\"elementor elementor-163\" data-elementor-settings=\"{&quot;ha_cmc_init_switcher&quot;:&quot;no&quot;}\">\n\t\t\t\t<div class=\"elementor-element elementor-element-f769811 e-con-full e-flex e-con e-parent\" data-id=\"f769811\" data-element_type=\"container\" data-e-type=\"container\" data-settings=\"{&quot;_ha_eqh_enable&quot;:false}\">\n\t\t<div class=\"elementor-element elementor-element-ad2354e e-con-full e-flex e-con e-child\" data-id=\"ad2354e\" data-element_type=\"container\" data-e-type=\"container\" data-settings=\"{&quot;background_background&quot;:&quot;classic&quot;,&quot;_ha_eqh_enable&quot;:false}\">\n\t\t\t\t<div class=\"elementor-element elementor-element-d50d3f1 elementor-widget elementor-widget-heading\" data-id=\"d50d3f1\" data-element_type=\"widget\" data-e-type=\"widget\" data-widget_type=\"heading.default\">\n\t\t\t\t<div class=\"elementor-widget-container\">\n\t\t\t\t\t<h2 class=\"elementor-heading-title elementor-size-default\">Birdwatching in the tropical dry forest <\/h2>\t\t\t\t<\/div>\n\t\t\t\t<\/div>\n\t\t\t\t<div class=\"elementor-element elementor-element-1519acd elementor-align-center elementor-widget elementor-widget-button\" data-id=\"1519acd\" data-element_type=\"widget\" data-e-type=\"widget\" data-widget_type=\"button.default\">\n\t\t\t\t<div class=\"elementor-widget-container\">\n\t\t\t\t\t\t\t\t\t<div class=\"elementor-button-wrapper\">\n\t\t\t\t\t<a class=\"elementor-button elementor-button-link elementor-size-sm\" href=\"https:\/\/agricolacamelias.com\/en\/birdwatching-en-el-bosque-seco-tropical\/\">\n\t\t\t\t\t\t<span class=\"elementor-button-content-wrapper\">\n\t\t\t\t\t\t<span class=\"elementor-button-icon\">\n\t\t\t\t<svg aria-hidden=\"true\" class=\"e-font-icon-svg e-fas-arrow-right\" viewbox=\"0 0 448 512\" xmlns=\"http:\/\/www.w3.org\/2000\/svg\"><path d=\"M190.5 66.9l22.2-22.2c9.4-9.4 24.6-9.4 33.9 0L441 239c9.4 9.4 9.4 24.6 0 33.9L246.6 467.3c-9.4 9.4-24.6 9.4-33.9 0l-22.2-22.2c-9.5-9.5-9.3-25 .4-34.3L311.4 296H24c-13.3 0-24-10.7-24-24v-32c0-13.3 10.7-24 24-24h287.4L190.9 101.2c-9.8-9.3-10-24.8-.4-34.3z\"><\/path><\/svg>\t\t\t<\/span>\n\t\t\t\t\t\t\t\t\t<span class=\"elementor-button-text\">Make your reservation <\/span>\n\t\t\t\t\t<\/span>\n\t\t\t\t\t<\/a>\n\t\t\t\t<\/div>\n\t\t\t\t\t\t\t\t<\/div>\n\t\t\t\t<\/div>\n\t\t\t\t<\/div>\n\t\t<div class=\"elementor-element elementor-element-e064884 e-con-full e-flex e-con e-child\" data-id=\"e064884\" data-element_type=\"container\" data-e-type=\"container\" data-settings=\"{&quot;background_background&quot;:&quot;classic&quot;,&quot;_ha_eqh_enable&quot;:false}\">\n\t\t\t\t<div class=\"elementor-element elementor-element-baa3489 elementor-widget elementor-widget-heading\" data-id=\"baa3489\" data-element_type=\"widget\" data-e-type=\"widget\" data-widget_type=\"heading.default\">\n\t\t\t\t<div class=\"elementor-widget-container\">\n\t\t\t\t\t<h2 class=\"elementor-heading-title elementor-size-default\">Bird photography at Agr\u00edcola Camelias <\/h2>\t\t\t\t<\/div>\n\t\t\t\t<\/div>\n\t\t\t\t<div class=\"elementor-element elementor-element-de384d0 elementor-align-center elementor-widget elementor-widget-button\" data-id=\"de384d0\" data-element_type=\"widget\" data-e-type=\"widget\" data-widget_type=\"button.default\">\n\t\t\t\t<div class=\"elementor-widget-container\">\n\t\t\t\t\t\t\t\t\t<div class=\"elementor-button-wrapper\">\n\t\t\t\t\t<a class=\"elementor-button elementor-button-link elementor-size-sm\" href=\"https:\/\/agricolacamelias.com\/en\/fotografia-de-aves-en-agricola-camelias\/\">\n\t\t\t\t\t\t<span class=\"elementor-button-content-wrapper\">\n\t\t\t\t\t\t<span class=\"elementor-button-icon\">\n\t\t\t\t<svg aria-hidden=\"true\" class=\"e-font-icon-svg e-fas-arrow-right\" viewbox=\"0 0 448 512\" xmlns=\"http:\/\/www.w3.org\/2000\/svg\"><path d=\"M190.5 66.9l22.2-22.2c9.4-9.4 24.6-9.4 33.9 0L441 239c9.4 9.4 9.4 24.6 0 33.9L246.6 467.3c-9.4 9.4-24.6 9.4-33.9 0l-22.2-22.2c-9.5-9.5-9.3-25 .4-34.3L311.4 296H24c-13.3 0-24-10.7-24-24v-32c0-13.3 10.7-24 24-24h287.4L190.9 101.2c-9.8-9.3-10-24.8-.4-34.3z\"><\/path><\/svg>\t\t\t<\/span>\n\t\t\t\t\t\t\t\t\t<span class=\"elementor-button-text\">Make your reservation <\/span>\n\t\t\t\t\t<\/span>\n\t\t\t\t\t<\/a>\n\t\t\t\t<\/div>\n\t\t\t\t\t\t\t\t<\/div>\n\t\t\t\t<\/div>\n\t\t\t\t<\/div>\n\t\t\t\t<\/div>\n\t\t<div class=\"elementor-element elementor-element-74193ad e-flex e-con-boxed e-con e-parent\" data-id=\"74193ad\" data-element_type=\"container\" data-e-type=\"container\" data-settings=\"{&quot;background_background&quot;:&quot;classic&quot;,&quot;_ha_eqh_enable&quot;:false}\">\n\t\t\t\t\t<div class=\"e-con-inner\">\n\t\t\t\t<div class=\"elementor-element elementor-element-50a0837 elementor-widget elementor-widget-heading\" data-id=\"50a0837\" data-element_type=\"widget\" data-e-type=\"widget\" data-widget_type=\"heading.default\">\n\t\t\t\t<div class=\"elementor-widget-container\">\n\t\t\t\t\t<h2 class=\"elementor-heading-title elementor-size-default\">Conoce todas las experiencias que tenemos disponibles para ti<\/h2>\t\t\t\t<\/div>\n\t\t\t\t<\/div>\n\t\t\t\t\t<\/div>\n\t\t\t\t<\/div>\n\t\t\t\t<section class=\"elementor-section elementor-top-section elementor-element elementor-element-15e90bf0 elementor-section-boxed elementor-section-height-default elementor-section-height-default\" data-id=\"15e90bf0\" data-element_type=\"section\" data-e-type=\"section\" data-settings=\"{&quot;background_background&quot;:&quot;classic&quot;,&quot;_ha_eqh_enable&quot;:false}\">\n\t\t\t\t\t\t<div class=\"elementor-container elementor-column-gap-default\">\n\t\t\t\t\t<div class=\"elementor-column elementor-col-100 elementor-top-column elementor-element elementor-element-70d9de39\" data-id=\"70d9de39\" data-element_type=\"column\" data-e-type=\"column\">\n\t\t\t<div class=\"elementor-widget-wrap elementor-element-populated\">\n\t\t\t\t\t\t<section class=\"elementor-section elementor-inner-section elementor-element elementor-element-10c3db64 elementor-section-boxed elementor-section-height-default elementor-section-height-default\" data-id=\"10c3db64\" data-element_type=\"section\" data-e-type=\"section\" data-settings=\"{&quot;_ha_eqh_enable&quot;:false}\">\n\t\t\t\t\t\t<div class=\"elementor-container elementor-column-gap-default\">\n\t\t\t\t\t<div class=\"elementor-column elementor-col-33 elementor-inner-column elementor-element elementor-element-1543deb7\" data-id=\"1543deb7\" data-element_type=\"column\" data-e-type=\"column\" data-settings=\"{&quot;background_background&quot;:&quot;classic&quot;}\">\n\t\t\t<div class=\"elementor-widget-wrap elementor-element-populated\">\n\t\t\t\t\t\t<div class=\"elementor-element elementor-element-c53d8a0 ha-infobox-media-dir-top elementor-widget elementor-widget-ha-infobox happy-addon ha-infobox\" data-id=\"c53d8a0\" data-element_type=\"widget\" data-e-type=\"widget\" data-widget_type=\"ha-infobox.default\">\n\t\t\t\t<div class=\"elementor-widget-container\">\n\t\t\t\t\t\n\t\t\t\t\t<figure class=\"ha-infobox-figure ha-infobox-figure--image\">\n\t\t\t\t<img fetchpriority=\"high\" decoding=\"async\" width=\"768\" height=\"522\" src=\"https:\/\/agricolacamelias.com\/wp-content\/uploads\/2025\/07\/1643217360176-scaled-e1754022867118-768x522.jpg\" class=\"elementor-animation-disable-animation attachment-medium_large size-medium_large wp-image-382\" alt=\"\" srcset=\"https:\/\/agricolacamelias.com\/wp-content\/uploads\/2025\/07\/1643217360176-scaled-e1754022867118-768x522.jpg 768w, https:\/\/agricolacamelias.com\/wp-content\/uploads\/2025\/07\/1643217360176-scaled-e1754022867118-600x408.jpg 600w, https:\/\/agricolacamelias.com\/wp-content\/uploads\/2025\/07\/1643217360176-scaled-e1754022867118-300x204.jpg 300w, https:\/\/agricolacamelias.com\/wp-content\/uploads\/2025\/07\/1643217360176-scaled-e1754022867118-1024x697.jpg 1024w, https:\/\/agricolacamelias.com\/wp-content\/uploads\/2025\/07\/1643217360176-scaled-e1754022867118-1536x1045.jpg 1536w, https:\/\/agricolacamelias.com\/wp-content\/uploads\/2025\/07\/1643217360176-scaled-e1754022867118.jpg 1920w\" sizes=\"(max-width: 768px) 100vw, 768px\" \/>\t\t\t<\/figure>\n\t\t\n\t\t<div class=\"ha-infobox-body\">\n\t\t\t<h2 class=\"ha-infobox-title\">El mundo de las mariposas y polillas del Bosque Seco Tropical -lepid\u00f3pteros<\/h2>\n\t\t\t\t\t\t\t<div class=\"ha-infobox-text\">\n\t\t\t\t\t<p>Experiencia de senderismo y fotograf\u00eda diurna y nocturna, enfocada al avistamiento e identificaci\u00f3n de mariposas y polillas del bosque seco tropical, con gu\u00eda especializado en espa\u00f1ol o ingl\u00e9s.<\/p>\n\t\t\t\t<\/div>\n\t\t\t\n\t\t\t<a class=\"ha-btn ha-btn--link\" href=\"https:\/\/wa.link\/qe543e\"><span class=\"ha-btn-text\">Recibe m\u00e1s info<\/span><\/a>\t\t<\/div>\n\t\t\t\t\t\t<\/div>\n\t\t\t\t<\/div>\n\t\t\t\t\t<\/div>\n\t\t<\/div>\n\t\t\t\t<div class=\"elementor-column elementor-col-33 elementor-inner-column elementor-element elementor-element-d1b71b3\" data-id=\"d1b71b3\" data-element_type=\"column\" data-e-type=\"column\" data-settings=\"{&quot;background_background&quot;:&quot;classic&quot;}\">\n\t\t\t<div class=\"elementor-widget-wrap elementor-element-populated\">\n\t\t\t\t\t\t<div class=\"elementor-element elementor-element-f73993c ha-infobox-media-dir-top elementor-widget elementor-widget-ha-infobox happy-addon ha-infobox\" data-id=\"f73993c\" data-element_type=\"widget\" data-e-type=\"widget\" data-widget_type=\"ha-infobox.default\">\n\t\t\t\t<div class=\"elementor-widget-container\">\n\t\t\t\t\t\n\t\t\t\t\t<figure class=\"ha-infobox-figure ha-infobox-figure--image\">\n\t\t\t\t<img decoding=\"async\" width=\"548\" height=\"365\" src=\"https:\/\/agricolacamelias.com\/wp-content\/uploads\/2025\/08\/MURCIELAGO-e1754427442226.jpg\" class=\"elementor-animation-disable-animation attachment-medium_large size-medium_large wp-image-731\" alt=\"\" srcset=\"https:\/\/agricolacamelias.com\/wp-content\/uploads\/2025\/08\/MURCIELAGO-e1754427442226.jpg 548w, https:\/\/agricolacamelias.com\/wp-content\/uploads\/2025\/08\/MURCIELAGO-e1754427442226-300x200.jpg 300w\" sizes=\"(max-width: 548px) 100vw, 548px\" \/>\t\t\t<\/figure>\n\t\t\n\t\t<div class=\"ha-infobox-body\">\n\t\t\t<h2 class=\"ha-infobox-title\">Descubre el mundo de los murci\u00e9lagos del Bosque Seco Tropical:<\/h2>\n\t\t\t\t\t\t\t<div class=\"ha-infobox-text\">\n\t\t\t\t\t<p>Experiencia de senderismo y fotograf\u00eda nocturna, enfocada al avistamiento e identificaci\u00f3n de hasta 11 tipos de murci\u00e9lagos del bosque seco tropical, con gu\u00eda especializado en espa\u00f1ol o ingl\u00e9s.<\/p>\n\t\t\t\t<\/div>\n\t\t\t\n\t\t\t<a class=\"ha-btn ha-btn--link\" href=\"https:\/\/wa.link\/qe543e\"><span class=\"ha-btn-text\">Recibe m\u00e1s info<\/span><\/a>\t\t<\/div>\n\t\t\t\t\t\t<\/div>\n\t\t\t\t<\/div>\n\t\t\t\t\t<\/div>\n\t\t<\/div>\n\t\t\t\t<div class=\"elementor-column elementor-col-33 elementor-inner-column elementor-element elementor-element-c1dee36\" data-id=\"c1dee36\" data-element_type=\"column\" data-e-type=\"column\" data-settings=\"{&quot;background_background&quot;:&quot;classic&quot;}\">\n\t\t\t<div class=\"elementor-widget-wrap elementor-element-populated\">\n\t\t\t\t\t\t<div class=\"elementor-element elementor-element-c30e770 ha-infobox-media-dir-top elementor-widget elementor-widget-ha-infobox happy-addon ha-infobox\" data-id=\"c30e770\" data-element_type=\"widget\" data-e-type=\"widget\" data-widget_type=\"ha-infobox.default\">\n\t\t\t\t<div class=\"elementor-widget-container\">\n\t\t\t\t\t\n\t\t\t\t\t<figure class=\"ha-infobox-figure ha-infobox-figure--image\">\n\t\t\t\t<img decoding=\"async\" width=\"768\" height=\"512\" src=\"https:\/\/agricolacamelias.com\/wp-content\/uploads\/2025\/08\/closeup-head-great-angleheaded-dragon-gonocephalus-grandis-768x512.jpg\" class=\"elementor-animation-disable-animation attachment-medium_large size-medium_large wp-image-525\" alt=\"\" srcset=\"https:\/\/agricolacamelias.com\/wp-content\/uploads\/2025\/08\/closeup-head-great-angleheaded-dragon-gonocephalus-grandis-768x512.jpg 768w, https:\/\/agricolacamelias.com\/wp-content\/uploads\/2025\/08\/closeup-head-great-angleheaded-dragon-gonocephalus-grandis-300x200.jpg 300w, https:\/\/agricolacamelias.com\/wp-content\/uploads\/2025\/08\/closeup-head-great-angleheaded-dragon-gonocephalus-grandis-1024x683.jpg 1024w, https:\/\/agricolacamelias.com\/wp-content\/uploads\/2025\/08\/closeup-head-great-angleheaded-dragon-gonocephalus-grandis-1536x1024.jpg 1536w, https:\/\/agricolacamelias.com\/wp-content\/uploads\/2025\/08\/closeup-head-great-angleheaded-dragon-gonocephalus-grandis-2048x1365.jpg 2048w, https:\/\/agricolacamelias.com\/wp-content\/uploads\/2025\/08\/closeup-head-great-angleheaded-dragon-gonocephalus-grandis-600x400.jpg 600w\" sizes=\"(max-width: 768px) 100vw, 768px\" \/>\t\t\t<\/figure>\n\t\t\n\t\t<div class=\"ha-infobox-body\">\n\t\t\t<h2 class=\"ha-infobox-title\">El mundo de los herpetos del Bosque Seco Tropical -anfibios y reptiles<\/h2>\n\t\t\t\t\t\t\t<div class=\"ha-infobox-text\">\n\t\t\t\t\t<p>Experiencia de senderismo y fotograf\u00eda nocturna, enfocada al avistamiento e identificaci\u00f3n de anfibios y reptiles del bosque seco tropical, con gu\u00eda especializado en espa\u00f1ol o ingl\u00e9s.<\/p>\n\t\t\t\t<\/div>\n\t\t\t\n\t\t\t<a class=\"ha-btn ha-btn--link\" href=\"https:\/\/wa.link\/qe543e\"><span class=\"ha-btn-text\">Recibe m\u00e1s info<\/span><\/a>\t\t<\/div>\n\t\t\t\t\t\t<\/div>\n\t\t\t\t<\/div>\n\t\t\t\t\t<\/div>\n\t\t<\/div>\n\t\t\t\t\t<\/div>\n\t\t<\/section>\n\t\t\t\t\t<\/div>\n\t\t<\/div>\n\t\t\t\t\t<\/div>\n\t\t<\/section>\n\t\t\t\t<\/div>","protected":false},"excerpt":{"rendered":"<p>Birdwatching en el bosque seco tropical Haz tu reserva Fotograf\u00eda de aves en Agr\u00edcola Camelias Haz tu reserva Conoce todas [&hellip;]<\/p>\n","protected":false},"author":1,"featured_media":0,"parent":0,"menu_order":0,"comment_status":"closed","ping_status":"closed","template":"","meta":{"site-sidebar-layout":"no-sidebar","site-content-layout":"","ast-site-content-layout":"full-width-container","site-content-style":"default","site-sidebar-style":"default","ast-global-header-display":"","ast-banner-title-visibility":"","ast-main-header-display":"","ast-hfb-above-header-display":"","ast-hfb-below-header-display":"","ast-hfb-mobile-header-display":"","site-post-title":"disabled","ast-breadcrumbs-content":"","ast-featured-img":"disabled","footer-sml-layout":"","ast-disable-related-posts":"","theme-transparent-header-meta":"","adv-header-id-meta":"","stick-header-meta":"","header-above-stick-meta":"","header-main-stick-meta":"","header-below-stick-meta":"","astra-migrate-meta-layouts":"default","ast-page-background-enabled":"default","ast-page-background-meta":{"desktop":{"background-color":"var(--ast-global-color-5)","background-image":"","background-repeat":"repeat","background-position":"center center","background-size":"auto","background-attachment":"scroll","background-type":"","background-media":"","overlay-type":"","overlay-color":"","overlay-opacity":"","overlay-gradient":""},"tablet":{"background-color":"","background-image":"","background-repeat":"repeat","background-position":"center center","background-size":"auto","background-attachment":"scroll","background-type":"","background-media":"","overlay-type":"","overlay-color":"","overlay-opacity":"","overlay-gradient":""},"mobile":{"background-color":"","background-image":"","background-repeat":"repeat","background-position":"center center","background-size":"auto","background-attachment":"scroll","background-type":"","background-media":"","overlay-type":"","overlay-color":"","overlay-opacity":"","overlay-gradient":""}},"ast-content-background-meta":{"desktop":{"background-color":"var(--ast-global-color-4)","background-image":"","background-repeat":"repeat","background-position":"center center","background-size":"auto","background-attachment":"scroll","background-type":"","background-media":"","overlay-type":"","overlay-color":"","overlay-opacity":"","overlay-gradient":""},"tablet":{"background-color":"var(--ast-global-color-4)","background-image":"","background-repeat":"repeat","background-position":"center center","background-size":"auto","background-attachment":"scroll","background-type":"","background-media":"","overlay-type":"","overlay-color":"","overlay-opacity":"","overlay-gradient":""},"mobile":{"background-color":"var(--ast-global-color-4)","background-image":"","background-repeat":"repeat","background-position":"center center","background-size":"auto","background-attachment":"scroll","background-type":"","background-media":"","overlay-type":"","overlay-color":"","overlay-opacity":"","overlay-gradient":""}},"footnotes":""},"class_list":["post-163","page","type-page","status-publish","hentry"],"_links":{"self":[{"href":"https:\/\/agricolacamelias.com\/en\/wp-json\/wp\/v2\/pages\/163","targetHints":{"allow":["GET"]}}],"collection":[{"href":"https:\/\/agricolacamelias.com\/en\/wp-json\/wp\/v2\/pages"}],"about":[{"href":"https:\/\/agricolacamelias.com\/en\/wp-json\/wp\/v2\/types\/page"}],"author":[{"embeddable":true,"href":"https:\/\/agricolacamelias.com\/en\/wp-json\/wp\/v2\/users\/1"}],"replies":[{"embeddable":true,"href":"https:\/\/agricolacamelias.com\/en\/wp-json\/wp\/v2\/comments?post=163"}],"version-history":[{"count":28,"href":"https:\/\/agricolacamelias.com\/en\/wp-json\/wp\/v2\/pages\/163\/revisions"}],"predecessor-version":[{"id":734,"href":"https:\/\/agricolacamelias.com\/en\/wp-json\/wp\/v2\/pages\/163\/revisions\/734"}],"wp:attachment":[{"href":"https:\/\/agricolacamelias.com\/en\/wp-json\/wp\/v2\/media?parent=163"}],"curies":[{"name":"wp","href":"https:\/\/api.w.org\/{rel}","templated":true}]}}